{"id":8648,"date":"2020-08-25T08:34:34","date_gmt":"2020-08-25T08:34:34","guid":{"rendered":"https:\/\/myspeaker.se\/who-we-are-and-what-we-stand-for"},"modified":"2024-04-30T13:01:44","modified_gmt":"2024-04-30T13:01:44","slug":"who-we-are-and-what-we-stand-for","status":"publish","type":"page","link":"https:\/\/myspeaker.se\/en\/who-we-are-and-what-we-stand-for\/","title":{"rendered":"Who we are and what we stand for"},"content":{"rendered":"\n<div id=\"hero-block_74afcdf2e9ca1ddb147911e301e70195\" class=\"block-hero alignfull lg:pt-[250px] lg:pb-[100px] pt-24 pb-10 bg-purple-1 hero-dark w-full h-auto relative overflow-hidden flex items-center \">\n\n\n\n  <div class=\" left-0 w-full text-purple-2 top-[-70%] h-[170%] absolute inset-0 z-1 overflow-hidden\">\n    <svg width=\"100%\" height=\"100%\" viewBox=\"0 0 1440 776\" fill=\"none\" xmlns=\"http:\/\/www.w3.org\/2000\/svg\" preserveAspectRatio=\"xMinYMin slice\">\n<path d=\"M926.13 378.992C1294.63 378.992 1571 148.22 1571 -272.298C1571 -656.919 1320.22 -980 823.77 -980C291.497 -980 -77 -615.893 -77 445.66V979L-45.5608 926.252L364.611 236.133C532.043 314.522 735.302 379.725 925.399 379.725L926.13 378.992Z\" fill=\"currentColor\"\/>\n<\/svg>\n  <\/div>\n\n  \n  \n\n\n    <div class=\"container relative flex lg:flex-row flex-col-reverse  z-30 lg:gap-x-[50px] lg:gap-y-12 gap-y-5 items-center w-full\">\n\n\n      <div class=\"lg:basis-[60%] flex-none\">\n        <h1 class=\"\n        delay-[300ms] duration-[600ms] taos:translate-y-[200px] ease-out taos:opacity-0\n           typo-h1 text-white\" data-taos-offset=\"0\">Who we are and what we stand for<\/h1>\n\n                  <h2 class=\"delay-[500ms] duration-[600ms] ease-out taos:translate-y-[200px] taos:opacity-0\n          typo-h5 mt-2 text-purple-4\">We\u2019re here to help you find the perfect speaker for your specific event!<\/h2>\n        \n                  <div class=\"flex sm:flex-row flex-col space-y-2 sm:space-y-0 sm:space-x-[16px] mt-8 ease-out delay-[1000ms] duration-[600ms] taos:translate-y-[100px] taos:opacity-0\">\n                                                                    <a class=\"btn-secondary\" href=\"https:\/\/myspeaker.se\/en\/contact-us\/\" target=\"\">Get in touch<\/a>\n                                    <\/div>\n        \n      <\/div>\n\n          <\/div>\n\n  \n<\/div>\n\n\n<div id=\"text-block_1246321bd85403c56a243452b9ab2f6f\" class=\"block-text block-text--columns-one lg:my-20 my-10\">\n      <div class=\"block-text__body\">\n      <h2>Booking a speaker is one thing. Booking the right speaker for every occasion is quite another.<\/h2>\n<p>We set up MySpeaker because we love the speaker industry and because we identified a way to increase value for our clients. We do this by finding the right skills sets for all types of events.<\/p>\n<p>We are constantly looking for great new talent and people who are currently working as researchers, analysts, CEOs, sales managers, journalists, writers and artists \u2013 talented professionals who transform what they do into rewarding public speaking. In our network, we have a mix of such individuals as well as established speaker profiles skilled at evolving and innovating.<\/p>\n<p>Everyone who works at MySpeaker has extensive experience in the sector. Over the years, we have met, matched, and evaluated thousands of speakers.<\/p>\n<h3>We are experienced, we are knowledgeable, and we have a strong culture.<\/h3>\n<p>Together, we have more than 70 years\u2019 experience matching speakers and moderators and booking the right speaker profiles with relevant content for all types of clients and industries.<\/p>\n<p>We are value-driven and independent, we build relationships based on trust, internally, with speakers and with our clients. Our values are quality, community, and responsibility.<\/p>\n<p>Our long-term plan is to become the world\u2019s leading speaker agency. We strive to ensure that the spoken word drives clients towards their desired goals by independently identifying the right content.<\/p>\n<figure id=\"attachment_11093\" aria-describedby=\"caption-attachment-11093\" style=\"width: 1000px\" class=\"wp-caption alignleft\"><img loading=\"lazy\" decoding=\"async\" class=\"wp-image-11093 size-full\" src=\"https:\/\/myspeaker.se\/wp-content\/uploads\/sites\/4\/2024\/03\/Teamet-2.webp\" alt=\"The MySpeaker Sweden team\" width=\"1000\" height=\"704\" srcset=\"https:\/\/myspeaker.se\/wp-content\/uploads\/sites\/4\/2024\/03\/Teamet-2.webp 1000w, https:\/\/myspeaker.se\/wp-content\/uploads\/sites\/4\/2024\/03\/Teamet-2-300x211.webp 300w, https:\/\/myspeaker.se\/wp-content\/uploads\/sites\/4\/2024\/03\/Teamet-2-768x541.webp 768w\" sizes=\"auto, (max-width: 1000px) 100vw, 1000px\" \/><figcaption id=\"caption-attachment-11093\" class=\"wp-caption-text\">The MySpeaker Sweden team<\/figcaption><\/figure>\n<h3>We\u2019ll help you take the next step.<\/h3>\n<p>With detailed needs analyses, based on your specific message, wording, and story, our speaker matches become part of what you want to achieve in terms of impact and results.<\/p>\n<p>We always evaluate assignments and always have a clear idea of next steps and relevant proposals for solutions going forward. We help you to identify the messages that strengthen and are connected to your business plan, your values and long-term goals \u2013 content that aligns with where you are going.<\/p>\n<p>When we select new speakers or moderators, they are always quality assured and evaluated based on customer references and our own evaluation model.<\/p>\n    <\/div>\n  \n\n<\/div>\n\n\n<div id=\"button-block_b85cb8693518998460aac6f0b39807ce\" class=\"block-button flex items-center w-full px-5 md:justify-center my-5\">\n      <a href=\"https:\/\/myspeaker.se\/en\/contact-us\/\" target=\"\">\n      <button class=\"btn-primary hover:bg-black hover:text-white\">Contact us<\/button>\n    <\/a>\n  \n<\/div>\n\n\n<div id=\"text-block_8b02b4649f9c419502b631340ebb413a\" class=\"block-text block-text--columns-one lg:my-20 my-10\">\n      <div class=\"block-text__body\">\n      <h2>Booking process<\/h2>\n<h5>Needs analysis<\/h5>\n<p>Each booking begins with a thorough needs analysis to ensure that we understand you and your needs and find the best solution for you<\/p>\n<h5>Matching<\/h5>\n<p>We match your needs with relevant speakers\/moderators and make proposals accordingly &#8211; some of which may be obvious, other more surprising.<\/p>\n<h5>Implementation<\/h5>\n<p>We make sure that everything happens as smoothly as possible so that clients and speakers alike feel relaxed and comfortable to ensure that your event is the best it can be.<\/p>\n<h5>Evaluation<\/h5>\n<p>Evaluation is the best way to learn. We always conduct thorough evaluations of assignments once completed.<\/p>\n<h5>Next steps<\/h5>\n<p>We help you prepare for the next step as early as the needs analysis. Your vision is our shared goal.<\/p>\n<p><img loading=\"lazy\" decoding=\"async\" class=\"alignnone wp-image-9012 size-large\" src=\"https:\/\/myspeaker.se\/wp-content\/uploads\/sites\/4\/2023\/10\/Bokningsprocessen-pilar-ENG-1024x171.png\" alt=\"\" width=\"1024\" height=\"171\" srcset=\"https:\/\/myspeaker.se\/wp-content\/uploads\/sites\/4\/2023\/10\/Bokningsprocessen-pilar-ENG-1024x171.png 1024w, https:\/\/myspeaker.se\/wp-content\/uploads\/sites\/4\/2023\/10\/Bokningsprocessen-pilar-ENG-300x50.png 300w, https:\/\/myspeaker.se\/wp-content\/uploads\/sites\/4\/2023\/10\/Bokningsprocessen-pilar-ENG-768x128.png 768w, https:\/\/myspeaker.se\/wp-content\/uploads\/sites\/4\/2023\/10\/Bokningsprocessen-pilar-ENG-1536x256.png 1536w, https:\/\/myspeaker.se\/wp-content\/uploads\/sites\/4\/2023\/10\/Bokningsprocessen-pilar-ENG.png 1800w\" sizes=\"auto, (max-width: 1024px) 100vw, 1024px\" \/><\/p>\n    <\/div>\n  \n\n<\/div>","protected":false},"excerpt":{"rendered":"","protected":false},"author":1,"featured_media":8455,"parent":0,"menu_order":0,"comment_status":"open","ping_status":"open","template":"","meta":{"_acf_changed":false,"footnotes":""},"class_list":["post-8648","page","type-page","status-publish","has-post-thumbnail","hentry"],"acf":[],"yoast_head":"<!-- This site is optimized with the Yoast SEO Premium plugin v27.2 (Yoast SEO v27.3) - https:\/\/yoast.com\/product\/yoast-seo-premium-wordpress\/ -->\n<title>Who we are and what we stand for - MySpeaker Sweden<\/title>\n<meta name=\"description\" content=\"Att boka en talare \u00e4r en sak. Men att boka r\u00e4tt talare till just ert tillf\u00e4lle \u00e4r en annan. Vi p\u00e5 MySpeaker \u00e4r experter p\u00e5 just det.\" \/>\n<meta name=\"robots\" content=\"index, follow, max-snippet:-1, max-image-preview:large, max-video-preview:-1\" \/>\n<link rel=\"canonical\" href=\"https:\/\/myspeaker.se\/en\/who-we-are-and-what-we-stand-for\/\" \/>\n<meta property=\"og:locale\" content=\"en_US\" \/>\n<meta property=\"og:type\" content=\"article\" \/>\n<meta property=\"og:title\" content=\"Who we are and what we stand for\" \/>\n<meta property=\"og:description\" content=\"Att boka en talare \u00e4r en sak. Men att boka r\u00e4tt talare till just ert tillf\u00e4lle \u00e4r en annan. Vi p\u00e5 MySpeaker \u00e4r experter p\u00e5 just det.\" \/>\n<meta property=\"og:url\" content=\"https:\/\/myspeaker.se\/en\/who-we-are-and-what-we-stand-for\/\" \/>\n<meta property=\"og:site_name\" content=\"MySpeaker Sweden\" \/>\n<meta property=\"article:publisher\" content=\"https:\/\/www.facebook.com\/myspeakersweden\" \/>\n<meta property=\"article:modified_time\" content=\"2024-04-30T13:01:44+00:00\" \/>\n<meta property=\"og:image\" content=\"https:\/\/myspeaker.se\/wp-content\/uploads\/sites\/4\/2023\/09\/teamet-mellan.jpg\" \/>\n\t<meta property=\"og:image:width\" content=\"1200\" \/>\n\t<meta property=\"og:image:height\" content=\"800\" \/>\n\t<meta property=\"og:image:type\" content=\"image\/jpeg\" \/>\n<meta name=\"twitter:card\" content=\"summary_large_image\" \/>\n<meta name=\"twitter:label1\" content=\"Est. reading time\" \/>\n\t<meta name=\"twitter:data1\" content=\"3 minutes\" \/>\n<script type=\"application\/ld+json\" class=\"yoast-schema-graph\">{\"@context\":\"https:\\\/\\\/schema.org\",\"@graph\":[{\"@type\":\"WebPage\",\"@id\":\"https:\\\/\\\/myspeaker.se\\\/en\\\/who-we-are-and-what-we-stand-for\\\/\",\"url\":\"https:\\\/\\\/myspeaker.se\\\/en\\\/who-we-are-and-what-we-stand-for\\\/\",\"name\":\"Who we are and what we stand for - MySpeaker Sweden\",\"isPartOf\":{\"@id\":\"https:\\\/\\\/myspeaker.se\\\/en\\\/#website\"},\"primaryImageOfPage\":{\"@id\":\"https:\\\/\\\/myspeaker.se\\\/en\\\/who-we-are-and-what-we-stand-for\\\/#primaryimage\"},\"image\":{\"@id\":\"https:\\\/\\\/myspeaker.se\\\/en\\\/who-we-are-and-what-we-stand-for\\\/#primaryimage\"},\"thumbnailUrl\":\"https:\\\/\\\/myspeaker.se\\\/wp-content\\\/uploads\\\/sites\\\/4\\\/2023\\\/09\\\/teamet-mellan.jpg\",\"datePublished\":\"2020-08-25T08:34:34+00:00\",\"dateModified\":\"2024-04-30T13:01:44+00:00\",\"description\":\"Att boka en talare \u00e4r en sak. Men att boka r\u00e4tt talare till just ert tillf\u00e4lle \u00e4r en annan. Vi p\u00e5 MySpeaker \u00e4r experter p\u00e5 just det.\",\"breadcrumb\":{\"@id\":\"https:\\\/\\\/myspeaker.se\\\/en\\\/who-we-are-and-what-we-stand-for\\\/#breadcrumb\"},\"inLanguage\":\"en-US\",\"potentialAction\":[{\"@type\":\"ReadAction\",\"target\":[\"https:\\\/\\\/myspeaker.se\\\/en\\\/who-we-are-and-what-we-stand-for\\\/\"]}]},{\"@type\":\"ImageObject\",\"inLanguage\":\"en-US\",\"@id\":\"https:\\\/\\\/myspeaker.se\\\/en\\\/who-we-are-and-what-we-stand-for\\\/#primaryimage\",\"url\":\"https:\\\/\\\/myspeaker.se\\\/wp-content\\\/uploads\\\/sites\\\/4\\\/2023\\\/09\\\/teamet-mellan.jpg\",\"contentUrl\":\"https:\\\/\\\/myspeaker.se\\\/wp-content\\\/uploads\\\/sites\\\/4\\\/2023\\\/09\\\/teamet-mellan.jpg\",\"width\":1200,\"height\":800},{\"@type\":\"BreadcrumbList\",\"@id\":\"https:\\\/\\\/myspeaker.se\\\/en\\\/who-we-are-and-what-we-stand-for\\\/#breadcrumb\",\"itemListElement\":[{\"@type\":\"ListItem\",\"position\":1,\"name\":\"Hem\",\"item\":\"https:\\\/\\\/myspeaker.se\\\/en\\\/\"},{\"@type\":\"ListItem\",\"position\":2,\"name\":\"Who we are and what we stand for\"}]},{\"@type\":\"WebSite\",\"@id\":\"https:\\\/\\\/myspeaker.se\\\/en\\\/#website\",\"url\":\"https:\\\/\\\/myspeaker.se\\\/en\\\/\",\"name\":\"MySpeaker Sweden\",\"description\":\"\",\"publisher\":{\"@id\":\"https:\\\/\\\/myspeaker.se\\\/en\\\/#organization\"},\"alternateName\":\"MySpeaker\",\"potentialAction\":[{\"@type\":\"SearchAction\",\"target\":{\"@type\":\"EntryPoint\",\"urlTemplate\":\"https:\\\/\\\/myspeaker.se\\\/en\\\/?s={search_term_string}\"},\"query-input\":{\"@type\":\"PropertyValueSpecification\",\"valueRequired\":true,\"valueName\":\"search_term_string\"}}],\"inLanguage\":\"en-US\"},{\"@type\":\"Organization\",\"@id\":\"https:\\\/\\\/myspeaker.se\\\/en\\\/#organization\",\"name\":\"MySpeaker Sweden\",\"alternateName\":\"MySpeaker Scandinavia\",\"url\":\"https:\\\/\\\/myspeaker.se\\\/en\\\/\",\"logo\":{\"@type\":\"ImageObject\",\"inLanguage\":\"en-US\",\"@id\":\"https:\\\/\\\/myspeaker.se\\\/en\\\/#\\\/schema\\\/logo\\\/image\\\/\",\"url\":\"https:\\\/\\\/myspeaker.se\\\/wp-content\\\/uploads\\\/sites\\\/4\\\/2023\\\/10\\\/2-1.png\",\"contentUrl\":\"https:\\\/\\\/myspeaker.se\\\/wp-content\\\/uploads\\\/sites\\\/4\\\/2023\\\/10\\\/2-1.png\",\"width\":400,\"height\":400,\"caption\":\"MySpeaker Sweden\"},\"image\":{\"@id\":\"https:\\\/\\\/myspeaker.se\\\/en\\\/#\\\/schema\\\/logo\\\/image\\\/\"},\"sameAs\":[\"https:\\\/\\\/www.facebook.com\\\/myspeakersweden\",\"https:\\\/\\\/www.linkedin.com\\\/company\\\/myspeaker-sweden\\\/\",\"https:\\\/\\\/www.instagram.com\\\/myspeaker_sweden\\\/\"]}]}<\/script>\n<!-- \/ Yoast SEO Premium plugin. -->","yoast_head_json":{"title":"Who we are and what we stand for - MySpeaker Sweden","description":"Att boka en talare \u00e4r en sak. Men att boka r\u00e4tt talare till just ert tillf\u00e4lle \u00e4r en annan. Vi p\u00e5 MySpeaker \u00e4r experter p\u00e5 just det.","robots":{"index":"index","follow":"follow","max-snippet":"max-snippet:-1","max-image-preview":"max-image-preview:large","max-video-preview":"max-video-preview:-1"},"canonical":"https:\/\/myspeaker.se\/en\/who-we-are-and-what-we-stand-for\/","og_locale":"en_US","og_type":"article","og_title":"Who we are and what we stand for","og_description":"Att boka en talare \u00e4r en sak. Men att boka r\u00e4tt talare till just ert tillf\u00e4lle \u00e4r en annan. Vi p\u00e5 MySpeaker \u00e4r experter p\u00e5 just det.","og_url":"https:\/\/myspeaker.se\/en\/who-we-are-and-what-we-stand-for\/","og_site_name":"MySpeaker Sweden","article_publisher":"https:\/\/www.facebook.com\/myspeakersweden","article_modified_time":"2024-04-30T13:01:44+00:00","og_image":[{"width":1200,"height":800,"url":"https:\/\/myspeaker.se\/wp-content\/uploads\/sites\/4\/2023\/09\/teamet-mellan.jpg","type":"image\/jpeg"}],"twitter_card":"summary_large_image","twitter_misc":{"Est. reading time":"3 minutes"},"schema":{"@context":"https:\/\/schema.org","@graph":[{"@type":"WebPage","@id":"https:\/\/myspeaker.se\/en\/who-we-are-and-what-we-stand-for\/","url":"https:\/\/myspeaker.se\/en\/who-we-are-and-what-we-stand-for\/","name":"Who we are and what we stand for - MySpeaker Sweden","isPartOf":{"@id":"https:\/\/myspeaker.se\/en\/#website"},"primaryImageOfPage":{"@id":"https:\/\/myspeaker.se\/en\/who-we-are-and-what-we-stand-for\/#primaryimage"},"image":{"@id":"https:\/\/myspeaker.se\/en\/who-we-are-and-what-we-stand-for\/#primaryimage"},"thumbnailUrl":"https:\/\/myspeaker.se\/wp-content\/uploads\/sites\/4\/2023\/09\/teamet-mellan.jpg","datePublished":"2020-08-25T08:34:34+00:00","dateModified":"2024-04-30T13:01:44+00:00","description":"Att boka en talare \u00e4r en sak. Men att boka r\u00e4tt talare till just ert tillf\u00e4lle \u00e4r en annan. Vi p\u00e5 MySpeaker \u00e4r experter p\u00e5 just det.","breadcrumb":{"@id":"https:\/\/myspeaker.se\/en\/who-we-are-and-what-we-stand-for\/#breadcrumb"},"inLanguage":"en-US","potentialAction":[{"@type":"ReadAction","target":["https:\/\/myspeaker.se\/en\/who-we-are-and-what-we-stand-for\/"]}]},{"@type":"ImageObject","inLanguage":"en-US","@id":"https:\/\/myspeaker.se\/en\/who-we-are-and-what-we-stand-for\/#primaryimage","url":"https:\/\/myspeaker.se\/wp-content\/uploads\/sites\/4\/2023\/09\/teamet-mellan.jpg","contentUrl":"https:\/\/myspeaker.se\/wp-content\/uploads\/sites\/4\/2023\/09\/teamet-mellan.jpg","width":1200,"height":800},{"@type":"BreadcrumbList","@id":"https:\/\/myspeaker.se\/en\/who-we-are-and-what-we-stand-for\/#breadcrumb","itemListElement":[{"@type":"ListItem","position":1,"name":"Hem","item":"https:\/\/myspeaker.se\/en\/"},{"@type":"ListItem","position":2,"name":"Who we are and what we stand for"}]},{"@type":"WebSite","@id":"https:\/\/myspeaker.se\/en\/#website","url":"https:\/\/myspeaker.se\/en\/","name":"MySpeaker Sweden","description":"","publisher":{"@id":"https:\/\/myspeaker.se\/en\/#organization"},"alternateName":"MySpeaker","potentialAction":[{"@type":"SearchAction","target":{"@type":"EntryPoint","urlTemplate":"https:\/\/myspeaker.se\/en\/?s={search_term_string}"},"query-input":{"@type":"PropertyValueSpecification","valueRequired":true,"valueName":"search_term_string"}}],"inLanguage":"en-US"},{"@type":"Organization","@id":"https:\/\/myspeaker.se\/en\/#organization","name":"MySpeaker Sweden","alternateName":"MySpeaker Scandinavia","url":"https:\/\/myspeaker.se\/en\/","logo":{"@type":"ImageObject","inLanguage":"en-US","@id":"https:\/\/myspeaker.se\/en\/#\/schema\/logo\/image\/","url":"https:\/\/myspeaker.se\/wp-content\/uploads\/sites\/4\/2023\/10\/2-1.png","contentUrl":"https:\/\/myspeaker.se\/wp-content\/uploads\/sites\/4\/2023\/10\/2-1.png","width":400,"height":400,"caption":"MySpeaker Sweden"},"image":{"@id":"https:\/\/myspeaker.se\/en\/#\/schema\/logo\/image\/"},"sameAs":["https:\/\/www.facebook.com\/myspeakersweden","https:\/\/www.linkedin.com\/company\/myspeaker-sweden\/","https:\/\/www.instagram.com\/myspeaker_sweden\/"]}]}},"distributor_meta":false,"distributor_terms":false,"distributor_media":false,"distributor_original_site_name":"MySpeaker Sweden","distributor_original_site_url":"https:\/\/myspeaker.se\/en\/","push-errors":false,"_links":{"self":[{"href":"https:\/\/myspeaker.se\/en\/wp-json\/wp\/v2\/pages\/8648","targetHints":{"allow":["GET"]}}],"collection":[{"href":"https:\/\/myspeaker.se\/en\/wp-json\/wp\/v2\/pages"}],"about":[{"href":"https:\/\/myspeaker.se\/en\/wp-json\/wp\/v2\/types\/page"}],"author":[{"embeddable":true,"href":"https:\/\/myspeaker.se\/en\/wp-json\/wp\/v2\/users\/1"}],"replies":[{"embeddable":true,"href":"https:\/\/myspeaker.se\/en\/wp-json\/wp\/v2\/comments?post=8648"}],"version-history":[{"count":14,"href":"https:\/\/myspeaker.se\/en\/wp-json\/wp\/v2\/pages\/8648\/revisions"}],"predecessor-version":[{"id":11607,"href":"https:\/\/myspeaker.se\/en\/wp-json\/wp\/v2\/pages\/8648\/revisions\/11607"}],"wp:featuredmedia":[{"embeddable":true,"href":"https:\/\/myspeaker.se\/en\/wp-json\/wp\/v2\/media\/8455"}],"wp:attachment":[{"href":"https:\/\/myspeaker.se\/en\/wp-json\/wp\/v2\/media?parent=8648"}],"curies":[{"name":"wp","href":"https:\/\/api.w.org\/{rel}","templated":true}]}}